{"id":2,"date":"2019-05-18T15:33:29","date_gmt":"2019-05-18T13:33:29","guid":{"rendered":"http:\/\/www.domi-astrologie34.fr\/?page_id=2"},"modified":"2019-05-23T19:15:07","modified_gmt":"2019-05-23T17:15:07","slug":"astrologie","status":"publish","type":"page","link":"https:\/\/www.domi-astrologie34.fr\/","title":{"rendered":""},"content":{"rendered":"\n<p><em><strong>Si vous vous trouvez dans l&rsquo;une des situations suivantes&nbsp;:<\/strong><\/em><\/p>\n\n\n\n<ul class=\"wp-block-list\"><li><em>vous avez entrepris une recherche dans le but de progresser dans la connaissance de qui vous \u00eates v\u00e9ritablement, &#8230;<\/em><\/li><li><em>vous voudriez comprendre le pourquoi de vos \u00e9motions, de vos actions et de vos r\u00e9actions, pour mieux vivre vos relations, &#8230;<\/em><\/li><li><em>vous cherchez des r\u00e9ponses \u00e0 des questions concernant vos comportements face \u00e0 certaines situations, &#8230; <\/em><\/li><li><em>vous vous sentez \u00ab&nbsp;mal dans votre peau&nbsp;\u00bb, triste, angoiss\u00e9(e) sans raison apparente, &#8230;<\/em><\/li><li><em>vous cherchez des pistes pour am\u00e9liorer votre vie, pour donner un sens \u00e0 une rupture, une maladie, un deuil,&#8230;<\/em><\/li><li><em>vous en avez assez de subir les \u00e9v\u00e9nements,&#8230; <\/em><\/li><li><em>vous voulez changer mais vous ne savez pas comment vous y prendre, ni par quoi commencer,&#8230;<\/em><\/li><\/ul>\n\n\n\n<p><em>&nbsp;<strong>Je vous propose un voyage \u00e0 la rencontre de vous-m\u00eame<\/strong><\/em><\/p>\n\n\n\n<p><em>Je ne fais pas de pr\u00e9visionnels,<\/em><em> <\/em><em>donc\nje ne pr\u00e9dis pas l&rsquo;avenir. Je ne vous dirai pas si vous allez bient\u00f4t\nrencontrer \u00ab&nbsp;l&rsquo;\u00e2me-s\u0153ur&nbsp;\u00bb, ni si votre relation en cours va durer, ni\nquand vous allez mourir, ni si votre femme ou votre mari vous trompe, ni si\nvous allez gagner au loto,&#8230;<\/em><em><\/em><\/p>\n\n\n\n<p><em><strong>Je peux vous aider&nbsp;:<\/strong><\/em><\/p>\n\n\n\n<ul class=\"wp-block-list\"><li><em>\u00e0 r\u00e9soudre les n\u0153uds et les blocages int\u00e9rieurs qui vous emp\u00eachent de mener une vie pleine et enrichissante, \u2026<\/em><\/li><li><em>\u00e0 d\u00e9couvrir vos potentialit\u00e9s et apprendre \u00e0 vous faire confiance, \u2026 <\/em><\/li><li><em>\u00e0 mieux cerner les d\u00e9fis auxquels vous \u00eates confront\u00e9s, \u2026 <\/em><\/li><li><em>\u00e0 comprendre pourquoi vous vous trouvez souvent face \u00e0 des situations r\u00e9p\u00e9titives,<\/em><\/li><li><em>\u00a0\u00e0 remonter \u00e0 l&rsquo;origine des croyances qui vous limitent, de fa\u00e7on \u00e0 pouvoir les modifier, &#8230;<\/em><\/li><\/ul>\n\n\n\n<p><em><strong>Ceci afin\nd&rsquo;utiliser votre pouvoir de d\u00e9cision \u00e0 meilleur escient et d&rsquo;avoir un impact\npositif sur votre avenir.<\/strong><\/em><\/p>\n\n\n\n<p><\/p>\n\n\n\n<p><\/p>\n","protected":false},"excerpt":{"rendered":"<p>Si vous vous trouvez dans l&rsquo;une des situations suivantes&nbsp;: vous avez entrepris une recherche dans le but de progresser dans la connaissance de qui vous \u00eates v\u00e9ritablement, &#8230; vous voudriez comprendre le pourquoi de vos \u00e9motions, de vos actions et &hellip; <a href=\"https:\/\/www.domi-astrologie34.fr\/\">Continuer la lecture <span class=\"meta-nav\">&rarr;<\/span><\/a><\/p>\n","protected":false},"author":1,"featured_media":0,"parent":0,"menu_order":0,"comment_status":"closed","ping_status":"open","template":"","meta":{"footnotes":""},"class_list":["post-2","page","type-page","status-publish","hentry"],"_links":{"self":[{"href":"https:\/\/www.domi-astrologie34.fr\/index.php?rest_route=\/wp\/v2\/pages\/2","targetHints":{"allow":["GET"]}}],"collection":[{"href":"https:\/\/www.domi-astrologie34.fr\/index.php?rest_route=\/wp\/v2\/pages"}],"about":[{"href":"https:\/\/www.domi-astrologie34.fr\/index.php?rest_route=\/wp\/v2\/types\/page"}],"author":[{"embeddable":true,"href":"https:\/\/www.domi-astrologie34.fr\/index.php?rest_route=\/wp\/v2\/users\/1"}],"replies":[{"embeddable":true,"href":"https:\/\/www.domi-astrologie34.fr\/index.php?rest_route=%2Fwp%2Fv2%2Fcomments&post=2"}],"version-history":[{"count":13,"href":"https:\/\/www.domi-astrologie34.fr\/index.php?rest_route=\/wp\/v2\/pages\/2\/revisions"}],"predecessor-version":[{"id":157,"href":"https:\/\/www.domi-astrologie34.fr\/index.php?rest_route=\/wp\/v2\/pages\/2\/revisions\/157"}],"wp:attachment":[{"href":"https:\/\/www.domi-astrologie34.fr\/index.php?rest_route=%2Fwp%2Fv2%2Fmedia&parent=2"}],"curies":[{"name":"wp","href":"https:\/\/api.w.org\/{rel}","templated":true}]}}