{"id":24,"date":"2019-05-18T16:34:26","date_gmt":"2019-05-18T14:34:26","guid":{"rendered":"http:\/\/www.domi-astrologie34.fr\/?page_id=24"},"modified":"2019-05-23T18:40:16","modified_gmt":"2019-05-23T16:40:16","slug":"deroulement-des-consultations","status":"publish","type":"page","link":"https:\/\/www.domi-astrologie34.fr\/?page_id=24","title":{"rendered":""},"content":{"rendered":"\n<p><strong>D\u00e9roulement des consultations<\/strong><\/p>\n\n\n\n<p>Apr\u00e8s r\u00e9ception de vos coordonn\u00e9es (voir la page contact pour me les transmettre), je commence par effectuer les calculs et j&rsquo;ex\u00e9cute le dessin de votre th\u00e8me astral.<\/p>\n\n\n\n<p>Ensuite, je vous\nrecontacte pour fixer un rendez-vous en fonction de nos possibilit\u00e9s respectives.<\/p>\n\n\n\n<p>Les consultations\nse font par t\u00e9l\u00e9phone, sauf cas particuliers (impossibilit\u00e9 pour la personne de\ns&rsquo;isoler au calme), car ce travail n\u00e9cessite plusieurs heures de concentration\nintense de ma part.<\/p>\n\n\n\n<p>Cela permet aussi \u00e0\nmon interlocuteur(trice) de s&rsquo;installer confortablement dans son cadre\npersonnel pour prendre des notes.<\/p>\n\n\n\n<p>Je pr\u00e9cise que\nj&rsquo;oublie la quasi totalit\u00e9 des informations auxquelles j&rsquo;ai pu avoir acc\u00e8s,\ndans les jours (voire les heures) qui suivent, d&rsquo;o\u00f9 l&rsquo;importance pour la\npersonne de les prendre par \u00e9crit.<\/p>\n\n\n\n<p>Le fait d&rsquo;\u00eatre\nchacun chez soi offre, pour vous comme pour moi, l&rsquo;avantage de ne pas \u00eatre\ndistrait(e) par un environnement inconnu ou une personne \u00e9trang\u00e8re, et permet\ndonc de se trouver dans les meilleures conditions sans interf\u00e9rences possibles.<\/p>\n\n\n\n<p>Vous serez ainsi mieux en mesure de r\u00e9fl\u00e9chir et me poser d&rsquo;\u00e9ventuelles questions, et moi d&rsquo;y r\u00e9pondre. <em>&nbsp;<\/em><\/p>\n\n\n\n<p><\/p>\n","protected":false},"excerpt":{"rendered":"<p>D\u00e9roulement des consultations Apr\u00e8s r\u00e9ception de vos coordonn\u00e9es (voir la page contact pour me les transmettre), je commence par effectuer les calculs et j&rsquo;ex\u00e9cute le dessin de votre th\u00e8me astral. Ensuite, je vous recontacte pour fixer un rendez-vous en fonction &hellip; <a href=\"https:\/\/www.domi-astrologie34.fr\/?page_id=24\">Continuer la lecture <span class=\"meta-nav\">&rarr;<\/span><\/a><\/p>\n","protected":false},"author":1,"featured_media":0,"parent":0,"menu_order":0,"comment_status":"closed","ping_status":"closed","template":"","meta":{"footnotes":""},"class_list":["post-24","page","type-page","status-publish","hentry"],"_links":{"self":[{"href":"https:\/\/www.domi-astrologie34.fr\/index.php?rest_route=\/wp\/v2\/pages\/24","targetHints":{"allow":["GET"]}}],"collection":[{"href":"https:\/\/www.domi-astrologie34.fr\/index.php?rest_route=\/wp\/v2\/pages"}],"about":[{"href":"https:\/\/www.domi-astrologie34.fr\/index.php?rest_route=\/wp\/v2\/types\/page"}],"author":[{"embeddable":true,"href":"https:\/\/www.domi-astrologie34.fr\/index.php?rest_route=\/wp\/v2\/users\/1"}],"replies":[{"embeddable":true,"href":"https:\/\/www.domi-astrologie34.fr\/index.php?rest_route=%2Fwp%2Fv2%2Fcomments&post=24"}],"version-history":[{"count":6,"href":"https:\/\/www.domi-astrologie34.fr\/index.php?rest_route=\/wp\/v2\/pages\/24\/revisions"}],"predecessor-version":[{"id":149,"href":"https:\/\/www.domi-astrologie34.fr\/index.php?rest_route=\/wp\/v2\/pages\/24\/revisions\/149"}],"wp:attachment":[{"href":"https:\/\/www.domi-astrologie34.fr\/index.php?rest_route=%2Fwp%2Fv2%2Fmedia&parent=24"}],"curies":[{"name":"wp","href":"https:\/\/api.w.org\/{rel}","templated":true}]}}