{"id":43,"date":"2019-05-18T17:39:53","date_gmt":"2019-05-18T15:39:53","guid":{"rendered":"http:\/\/www.domi-astrologie34.fr\/?page_id=43"},"modified":"2019-05-24T13:51:08","modified_gmt":"2019-05-24T11:51:08","slug":"quest-ce-que-lastrologie","status":"publish","type":"page","link":"https:\/\/www.domi-astrologie34.fr\/?page_id=43","title":{"rendered":""},"content":{"rendered":"\n<p><strong>En quoi consiste la\nprestation que je propose<\/strong><\/p>\n\n\n\n<p>Il s&rsquo;agit d&rsquo;un\ntravail de d\u00e9cryptage du \u00ab&nbsp;caract\u00e8re&nbsp;\u00bb et du fonctionnement des\npersonnes, caract\u00e9ristiques qui d\u00e9pendent essentiellement de leurs croyances,\nqui elles-m\u00eames se basent sur la m\u00e9moire des exp\u00e9riences accumul\u00e9es au cours de\nleur(s) vie(s).<\/p>\n\n\n\n<p>Mettre en lumi\u00e8re\nces croyances conscientes ou inconscientes, qui agissent sur nous comme des\nsortes de programmations int\u00e9rieures, permet de mieux comprendre les vraies\nraisons qui motivent nos pens\u00e9es, nos actes et nos r\u00e9actions, et donne la\npossibilit\u00e9 de nous en affranchir, en appr\u00e9hendant les \u00e9v\u00e9nements d&rsquo;une\nnouvelle mani\u00e8re, et ainsi de faire des choix de vie plus justes.<\/p>\n\n\n\n<p>Le th\u00e8me astral est une des m\u00e9thodes qui permet de trouver les clefs, afin d&rsquo;acc\u00e9der \u00e0 une meilleure connaissance de nos esprits et de nos modes de fonctionnement.<\/p>\n\n\n\n<p><strong>Qu&rsquo;est-ce que l&rsquo;astrologie psychologique, humaniste et karmique\u00a0?<\/strong><\/p>\n\n\n\n<p>En r\u00e9sum\u00e9, notre th\u00e8me astral est la\nrepr\u00e9sentation du ciel (signes, plan\u00e8tes,&#8230;) \u00e0 l&rsquo;instant de notre naissance\ndepuis le lieu o\u00f9 nous sommes n\u00e9s&nbsp;: l&rsquo;\u00e9nergie universelle s&rsquo;est comme\n\u00ab&nbsp;mat\u00e9rialis\u00e9e&nbsp;\u00bb en nous et l&rsquo;on peut dire que nous exp\u00e9rimentons\nchacun un \u00e9tat de conscience unique depuis notre naissance jusqu&rsquo;\u00e0 notre mort.<\/p>\n\n\n\n<p>L&rsquo;analyse de la position des plan\u00e8tes dans\nles signes, les angles que ces plan\u00e8tes forment entre elles, permettent de\nd\u00e9terminer notre profil psychologique, ainsi que les d\u00e9fis que nous avons \u00e0\nr\u00e9soudre pour nous am\u00e9liorer.<\/p>\n\n\n\n<p>L&rsquo;approche humaniste \u00e9largit notre champ de\ncompr\u00e9hension \u00e0 la dimension spirituelle, en nous rappelant que les difficult\u00e9s\nque nous rencontrons se manifestent pour nous inciter \u00e0 progresser sur le plan\nde la conscience au niveau individuel, afin de participer \u00e0 l&rsquo;\u00e9volution\ncollective de l&rsquo;humanit\u00e9 en g\u00e9n\u00e9ral. Mais nous avons le choix de le faire ou\nnon, cela n&rsquo;exclut pas notre libre arbitre.<\/p>\n\n\n\n<p>Enfin l&rsquo;astrologie karmique nous ouvre un\nnouveau chemin d&rsquo;investigation de notre personnalit\u00e9, en reconsid\u00e9rant notre\nvie comme une \u00e9tape qui vient en continuation d&rsquo;existences pr\u00e9c\u00e9dentes qui ont\nfait de nous ce que nous sommes. Acc\u00e9der \u00e0 l&rsquo;information de certaines\nexp\u00e9riences v\u00e9cues ant\u00e9rieurement peut nous aider \u00e0 r\u00e9pondre \u00e0 nos questions\nconcernant des situations qui nous semblent insolubles, ou \u00e0 accepter les\n\u00e9preuves que nous subissons actuellement.<\/p>\n\n\n\n<p><\/p>\n","protected":false},"excerpt":{"rendered":"<p>En quoi consiste la prestation que je propose Il s&rsquo;agit d&rsquo;un travail de d\u00e9cryptage du \u00ab&nbsp;caract\u00e8re&nbsp;\u00bb et du fonctionnement des personnes, caract\u00e9ristiques qui d\u00e9pendent essentiellement de leurs croyances, qui elles-m\u00eames se basent sur la m\u00e9moire des exp\u00e9riences accumul\u00e9es au cours &hellip; <a href=\"https:\/\/www.domi-astrologie34.fr\/?page_id=43\">Continuer la lecture <span class=\"meta-nav\">&rarr;<\/span><\/a><\/p>\n","protected":false},"author":1,"featured_media":0,"parent":0,"menu_order":0,"comment_status":"closed","ping_status":"closed","template":"","meta":{"footnotes":""},"class_list":["post-43","page","type-page","status-publish","hentry"],"_links":{"self":[{"href":"https:\/\/www.domi-astrologie34.fr\/index.php?rest_route=\/wp\/v2\/pages\/43","targetHints":{"allow":["GET"]}}],"collection":[{"href":"https:\/\/www.domi-astrologie34.fr\/index.php?rest_route=\/wp\/v2\/pages"}],"about":[{"href":"https:\/\/www.domi-astrologie34.fr\/index.php?rest_route=\/wp\/v2\/types\/page"}],"author":[{"embeddable":true,"href":"https:\/\/www.domi-astrologie34.fr\/index.php?rest_route=\/wp\/v2\/users\/1"}],"replies":[{"embeddable":true,"href":"https:\/\/www.domi-astrologie34.fr\/index.php?rest_route=%2Fwp%2Fv2%2Fcomments&post=43"}],"version-history":[{"count":6,"href":"https:\/\/www.domi-astrologie34.fr\/index.php?rest_route=\/wp\/v2\/pages\/43\/revisions"}],"predecessor-version":[{"id":159,"href":"https:\/\/www.domi-astrologie34.fr\/index.php?rest_route=\/wp\/v2\/pages\/43\/revisions\/159"}],"wp:attachment":[{"href":"https:\/\/www.domi-astrologie34.fr\/index.php?rest_route=%2Fwp%2Fv2%2Fmedia&parent=43"}],"curies":[{"name":"wp","href":"https:\/\/api.w.org\/{rel}","templated":true}]}}