{"id":72,"date":"2019-05-21T13:28:28","date_gmt":"2019-05-21T11:28:28","guid":{"rendered":"http:\/\/www.domi-astrologie34.fr\/?page_id=72"},"modified":"2022-12-21T20:31:51","modified_gmt":"2022-12-21T19:31:51","slug":"qui-suis-je","status":"publish","type":"page","link":"https:\/\/www.domi-astrologie34.fr\/?page_id=72","title":{"rendered":""},"content":{"rendered":"\n<p><strong>Mon parcours personnel<\/strong><\/p>\n\n\n\n<p>J&rsquo;ai commenc\u00e9 \u00e0 me former \u00e0 l&rsquo;astrologie\npsychologique en autodidacte en 1976, par curiosit\u00e9, et suite \u00e0 un concours de\ncirconstances, et cette activit\u00e9 est rapidement devenue une passion. <\/p>\n\n\n\n<p>Par la suite, mon int\u00e9r\u00eat s&rsquo;est logiquement\nport\u00e9 \u00e0 \u00e9tudier l&rsquo;astrologie humaniste.<\/p>\n\n\n\n<p>Je pratique l&rsquo;astrologie karmique depuis une vingtaine d&rsquo;ann\u00e9es.<\/p>\n\n\n\n<p>Au fur et \u00e0 mesure que j&rsquo;ai avanc\u00e9 en \u00e2ge et\nen exp\u00e9rience dans ce domaine, ma compr\u00e9hension des th\u00e8mes astraux, davantage\nintellectuelle au d\u00e9part, a \u00e9volu\u00e9 pour devenir de plus en plus\nintuitive&nbsp;: ma m\u00e9thode d&rsquo;interpr\u00e9tation est donc un m\u00e9lange de perception\nsensible des personnes et d&rsquo;analyse bas\u00e9e sur une approche\n\u00ab&nbsp;scientifique&nbsp;\u00bb. <\/p>\n\n\n\n<p>Pendant de nombreuses ann\u00e9es, mon activit\u00e9\nd&rsquo;astrologue est rest\u00e9e limit\u00e9e \u00e0 ma sph\u00e8re familiale et \u00e0 mes amis.<\/p>\n\n\n\n<p>Jusqu&rsquo;\u00e0 la fin de l&rsquo;ann\u00e9e 2018, j&rsquo;exer\u00e7ais un\nautre m\u00e9tier (celui auquel je m&rsquo;\u00e9tais form\u00e9e pendant mes \u00e9tudes), mais j&rsquo;ai d\u00fb\nl&rsquo;abandonner pour des raisons \u00e9conomiques.<\/p>\n\n\n\n<p>J&rsquo;y ai vu le signe que j&rsquo;\u00e9tais maintenant\napte \u00e0 mettre mes comp\u00e9tences en astrologie au service d&rsquo;autres personnes, afin\nde les aider \u00e0 am\u00e9liorer leur vie dans cette \u00e9poque en compl\u00e8te mutation et \u00e0\nse construire de nouveaux rep\u00e8res.<\/p>\n\n\n<p><!--EndFragment--><\/p>","protected":false},"excerpt":{"rendered":"<p>Mon parcours personnel J&rsquo;ai commenc\u00e9 \u00e0 me former \u00e0 l&rsquo;astrologie psychologique en autodidacte en 1976, par curiosit\u00e9, et suite \u00e0 un concours de circonstances, et cette activit\u00e9 est rapidement devenue une passion. Par la suite, mon int\u00e9r\u00eat s&rsquo;est logiquement port\u00e9 &hellip; <a href=\"https:\/\/www.domi-astrologie34.fr\/?page_id=72\">Continuer la lecture <span class=\"meta-nav\">&rarr;<\/span><\/a><\/p>\n","protected":false},"author":1,"featured_media":0,"parent":0,"menu_order":0,"comment_status":"closed","ping_status":"closed","template":"","meta":{"footnotes":""},"class_list":["post-72","page","type-page","status-publish","hentry"],"_links":{"self":[{"href":"https:\/\/www.domi-astrologie34.fr\/index.php?rest_route=\/wp\/v2\/pages\/72","targetHints":{"allow":["GET"]}}],"collection":[{"href":"https:\/\/www.domi-astrologie34.fr\/index.php?rest_route=\/wp\/v2\/pages"}],"about":[{"href":"https:\/\/www.domi-astrologie34.fr\/index.php?rest_route=\/wp\/v2\/types\/page"}],"author":[{"embeddable":true,"href":"https:\/\/www.domi-astrologie34.fr\/index.php?rest_route=\/wp\/v2\/users\/1"}],"replies":[{"embeddable":true,"href":"https:\/\/www.domi-astrologie34.fr\/index.php?rest_route=%2Fwp%2Fv2%2Fcomments&post=72"}],"version-history":[{"count":8,"href":"https:\/\/www.domi-astrologie34.fr\/index.php?rest_route=\/wp\/v2\/pages\/72\/revisions"}],"predecessor-version":[{"id":168,"href":"https:\/\/www.domi-astrologie34.fr\/index.php?rest_route=\/wp\/v2\/pages\/72\/revisions\/168"}],"wp:attachment":[{"href":"https:\/\/www.domi-astrologie34.fr\/index.php?rest_route=%2Fwp%2Fv2%2Fmedia&parent=72"}],"curies":[{"name":"wp","href":"https:\/\/api.w.org\/{rel}","templated":true}]}}