{"id":8,"date":"2019-05-18T15:36:48","date_gmt":"2019-05-18T13:36:48","guid":{"rendered":"http:\/\/www.domi-astrologie34.fr\/?page_id=8"},"modified":"2023-11-13T19:52:57","modified_gmt":"2023-11-13T18:52:57","slug":"tarif","status":"publish","type":"page","link":"https:\/\/www.domi-astrologie34.fr\/?page_id=8","title":{"rendered":""},"content":{"rendered":"\n<p>L&rsquo;heure est factur\u00e9e \u00e0 25 euros (pas de TVA).<\/p>\n\n\n\n<p>Le travail se\nfaisant partiellement en m\u00e9diumnit\u00e9, il m&rsquo;est n\u00e9cessaire de dessiner le th\u00e8me\nastral moi-m\u00eame&nbsp;: une repr\u00e9sentation graphique r\u00e9alis\u00e9e par ordinateur\nn&rsquo;est pas utilisable. <\/p>\n\n\n\n<p>Le montant de la\npremi\u00e8re consultation en tient compte. &nbsp;<\/p>\n\n\n\n<p>Si vous d\u00e9sirez me\nrecontacter par la suite (en principe pas plus d&rsquo;une fois par an), cette base\nde travail sera r\u00e9utilis\u00e9e et donc ne sera plus comptabilis\u00e9e lors des\nconsultations suivantes. <\/p>\n\n\n\n<p><\/p>\n\n\n\n<p>Premi\u00e8re consultation (th\u00e8me personnel)\u00a0: 130 euros. Dur\u00e9e\u00a0: entre 3 heures 1\/2 et 4 heures.<\/p>\n\n\n\n<p>Pour les personnes demandant \u00e0 recevoir le dessin de leur th\u00e8me astral suite \u00e0 la consultation : il vous sera factur\u00e9 5 euros suppl\u00e9mentaires, incluant frais de photocopie couleur format A3 et envoi postal sous enveloppe kraft affranchie au tarif en vigueur.<\/p>\n\n\n\n<p>Consultations suivantes&nbsp;: 100 euros.<\/p>\n\n\n\n<p><\/p>\n\n\n\n<p>Premi\u00e8re consultation th\u00e8me d&rsquo;un enfant (\u00e0 la demande d&rsquo;un parent) ou d&rsquo;une personne proche (avec son accord)&nbsp;: 100 euros. <\/p>\n\n\n\n<p>Consultations\nsuivantes&nbsp;: 75 euros.<\/p>\n\n\n\n<p><\/p>\n\n\n\n<p>Consultations ponctuelles sur un sujet pr\u00e9cis&nbsp;(en fonction du temps \u00e0 passer estim\u00e9 et suivant si le th\u00e8me a \u00e9t\u00e9 mont\u00e9 pour une consultation pr\u00e9c\u00e9dente ou non)&nbsp;: 25, 50 ou 75 euros.<\/p>\n\n\n\n<p>Paiement par ch\u00e8que \u00e0 la commande (\u00e0 l&rsquo;ordre de Dominique Tappaz) ou virement (me consulter).<\/p>\n\n\n\n<p>Possibilit\u00e9 de plusieurs ch\u00e8ques si vous d\u00e9sirez que les encaissements soient \u00e9tal\u00e9s.<\/p>\n","protected":false},"excerpt":{"rendered":"<p>L&rsquo;heure est factur\u00e9e \u00e0 25 euros (pas de TVA). Le travail se faisant partiellement en m\u00e9diumnit\u00e9, il m&rsquo;est n\u00e9cessaire de dessiner le th\u00e8me astral moi-m\u00eame&nbsp;: une repr\u00e9sentation graphique r\u00e9alis\u00e9e par ordinateur n&rsquo;est pas utilisable. Le montant de la premi\u00e8re consultation &hellip; <a href=\"https:\/\/www.domi-astrologie34.fr\/?page_id=8\">Continuer la lecture <span class=\"meta-nav\">&rarr;<\/span><\/a><\/p>\n","protected":false},"author":1,"featured_media":0,"parent":0,"menu_order":0,"comment_status":"closed","ping_status":"closed","template":"","meta":{"footnotes":""},"class_list":["post-8","page","type-page","status-publish","hentry"],"_links":{"self":[{"href":"https:\/\/www.domi-astrologie34.fr\/index.php?rest_route=\/wp\/v2\/pages\/8","targetHints":{"allow":["GET"]}}],"collection":[{"href":"https:\/\/www.domi-astrologie34.fr\/index.php?rest_route=\/wp\/v2\/pages"}],"about":[{"href":"https:\/\/www.domi-astrologie34.fr\/index.php?rest_route=\/wp\/v2\/types\/page"}],"author":[{"embeddable":true,"href":"https:\/\/www.domi-astrologie34.fr\/index.php?rest_route=\/wp\/v2\/users\/1"}],"replies":[{"embeddable":true,"href":"https:\/\/www.domi-astrologie34.fr\/index.php?rest_route=%2Fwp%2Fv2%2Fcomments&post=8"}],"version-history":[{"count":15,"href":"https:\/\/www.domi-astrologie34.fr\/index.php?rest_route=\/wp\/v2\/pages\/8\/revisions"}],"predecessor-version":[{"id":177,"href":"https:\/\/www.domi-astrologie34.fr\/index.php?rest_route=\/wp\/v2\/pages\/8\/revisions\/177"}],"wp:attachment":[{"href":"https:\/\/www.domi-astrologie34.fr\/index.php?rest_route=%2Fwp%2Fv2%2Fmedia&parent=8"}],"curies":[{"name":"wp","href":"https:\/\/api.w.org\/{rel}","templated":true}]}}