{"id":90,"date":"2019-05-21T14:46:43","date_gmt":"2019-05-21T12:46:43","guid":{"rendered":"http:\/\/www.domi-astrologie34.fr\/?page_id=90"},"modified":"2019-05-21T15:27:11","modified_gmt":"2019-05-21T13:27:11","slug":"protection-des-donnees","status":"publish","type":"page","link":"https:\/\/www.domi-astrologie34.fr\/?page_id=90","title":{"rendered":""},"content":{"rendered":"\n<p>Identit\u00e9 et coordonn\u00e9es de l&rsquo;organisme&nbsp;:\nTappaz Dominique 10, rue du Portail Bas&nbsp;\n34310 Quarante.<\/p>\n\n\n\n<p>Conform\u00e9ment \u00e0 la\ndirective europ\u00e9enne concernant la protection des donn\u00e9es personnelles (RGPD),\nles donn\u00e9es r\u00e9colt\u00e9es (voir page pr\u00e9c\u00e9dente) correspondent aux renseignements\nminimum n\u00e9cessaires \u00e0 la r\u00e9alisation de la prestation&nbsp;: le calcul et le\ndessin de votre th\u00e8me astral qui servira de base \u00e0 l&rsquo;interpr\u00e9tation, que\nj&rsquo;effectuerai ensuite avec votre accord.<\/p>\n\n\n\n<p>Ces donn\u00e9es\nresteront confidentielles et aucune personne en-dehors de moi-m\u00eame n&rsquo;y aura\nacc\u00e8s, mon cabinet \u00e9tant unipersonnel. <\/p>\n\n\n\n<p>Elles ne seront pas\nutilis\u00e9es pour une autre finalit\u00e9, ni donn\u00e9es ou vendues \u00e0 des tiers, ni\ntransmises en dehors de l&rsquo;Union europ\u00e9enne.<\/p>\n\n\n\n<p>Votre th\u00e8me astral\nest dessin\u00e9 en un seul exemplaire sur papier. <\/p>\n\n\n\n<p>Il ne sera pas\nnum\u00e9ris\u00e9 et n&rsquo;appara\u00eetra donc pas sur le site internet, ni sous aucune forme\nvirtuelle accessible par le net.<\/p>\n\n\n\n<p>Je le conserverai\navec votre accord (archiv\u00e9 d\u00e8s que la prestation sera termin\u00e9e, pour une dur\u00e9e\nde 7 ans) pour le cas o\u00f9 vous d\u00e9sireriez me reconsulter ult\u00e9rieurement, mais je\npeux \u00e9ventuellement le d\u00e9truire \u00e0 votre demande. <\/p>\n\n\n\n<p>Une partie des\ndonn\u00e9es seront conserv\u00e9es pour satisfaire aux obligations l\u00e9gales relatives \u00e0\nla comptabilit\u00e9, mais elles seront prot\u00e9g\u00e9es par des mesures physiques et\neffac\u00e9es de la base active apr\u00e8s leur traitement, afin de pr\u00e9venir toute tentative\nde divulgation non autoris\u00e9e.<\/p>\n\n\n\n<p>Il n&rsquo;existe pas de\ncookies sur ce site, ni de lien vers d&rsquo;autres sites.<\/p>\n\n\n\n<p>D&rsquo;autre part, vous\ndisposez d&rsquo;un droit d&rsquo;acc\u00e8s, de rectification, d&rsquo;opposition, d&rsquo;effacement, de\nportabilit\u00e9 et de limitation du traitement de vos donn\u00e9es (par courriel \u00e0\nl\u2019adresse suivante&nbsp;:&nbsp; <a href=\"mailto:contact@domi-astrologie34.fr\">contact@domi-astrologie34.fr<\/a>.)<\/p>\n\n\n\n<p>La base juridique\n\u00e9tant le consentement, vous avez droit au retrait de vos donn\u00e9es \u00e0 tout moment,\nainsi que le droit d&rsquo;introduire une r\u00e9clamation aupr\u00e8s de la CNIL.<\/p>\n\n\n<p><!--EndFragment--><\/p>","protected":false},"excerpt":{"rendered":"<p>Identit\u00e9 et coordonn\u00e9es de l&rsquo;organisme&nbsp;: Tappaz Dominique 10, rue du Portail Bas&nbsp; 34310 Quarante. Conform\u00e9ment \u00e0 la directive europ\u00e9enne concernant la protection des donn\u00e9es personnelles (RGPD), les donn\u00e9es r\u00e9colt\u00e9es (voir page pr\u00e9c\u00e9dente) correspondent aux renseignements minimum n\u00e9cessaires \u00e0 la r\u00e9alisation &hellip; <a href=\"https:\/\/www.domi-astrologie34.fr\/?page_id=90\">Continuer la lecture <span class=\"meta-nav\">&rarr;<\/span><\/a><\/p>\n","protected":false},"author":1,"featured_media":0,"parent":0,"menu_order":0,"comment_status":"closed","ping_status":"closed","template":"","meta":{"footnotes":""},"class_list":["post-90","page","type-page","status-publish","hentry"],"_links":{"self":[{"href":"https:\/\/www.domi-astrologie34.fr\/index.php?rest_route=\/wp\/v2\/pages\/90","targetHints":{"allow":["GET"]}}],"collection":[{"href":"https:\/\/www.domi-astrologie34.fr\/index.php?rest_route=\/wp\/v2\/pages"}],"about":[{"href":"https:\/\/www.domi-astrologie34.fr\/index.php?rest_route=\/wp\/v2\/types\/page"}],"author":[{"embeddable":true,"href":"https:\/\/www.domi-astrologie34.fr\/index.php?rest_route=\/wp\/v2\/users\/1"}],"replies":[{"embeddable":true,"href":"https:\/\/www.domi-astrologie34.fr\/index.php?rest_route=%2Fwp%2Fv2%2Fcomments&post=90"}],"version-history":[{"count":4,"href":"https:\/\/www.domi-astrologie34.fr\/index.php?rest_route=\/wp\/v2\/pages\/90\/revisions"}],"predecessor-version":[{"id":128,"href":"https:\/\/www.domi-astrologie34.fr\/index.php?rest_route=\/wp\/v2\/pages\/90\/revisions\/128"}],"wp:attachment":[{"href":"https:\/\/www.domi-astrologie34.fr\/index.php?rest_route=%2Fwp%2Fv2%2Fmedia&parent=90"}],"curies":[{"name":"wp","href":"https:\/\/api.w.org\/{rel}","templated":true}]}}